{"id":9,"date":"2020-05-05T13:49:07","date_gmt":"2020-05-05T11:49:07","guid":{"rendered":"https:\/\/www.gentecamuna.it\/?page_id=9"},"modified":"2020-05-28T13:30:39","modified_gmt":"2020-05-28T11:30:39","slug":"storia","status":"publish","type":"page","link":"https:\/\/www.gentecamuna.it\/index.php\/storia\/","title":{"rendered":"Storia"},"content":{"rendered":"<!-- wp:themify-builder\/canvas \/-->\n\n\n<p><strong>ASSOCIAZIONE &#8220;GENTE CAMUNA&#8221; BRENO<\/strong><br><em>Note informative<\/em><\/p>\n\n\n\n<p>L&#8217;Associazione &#8220;Gente Camuna&#8221; \u00e8 stata regolarmente costituita con apposito atto notarile nel 1967. Promotore e primo Presidente fu il Sen. Prof. Giacomo Mazzoli.<br>Gi\u00e0 dal 1961 per\u00f2 veniva edito il Notiziario omonimo che veniva inviato ai tanti cittadini della Valle Camonica costretti per motivi di lavoro ad emigrare.<br>Alla scomparsa del Sen. Mazzoli (22 maggio 1983) ha assunto la Presidenza Enrico Tarsia, gi\u00e0 Segretario Generale, che ha guidato l&#8217;Associazione fino al 1997.<br>Se l&#8217;Associazione, con sede a Breno, voleva essere loro un punto di riferimento per dare una qualche risposta ed un supporto alle difficolt\u00e0 che incontravano, il giornale serviva di raccordo e di informazione, soprattutto per quanti erano emigrati oltre oceano.<br>Dopo circa 40 anni il Notiziario raggiunge mensilmente oltre 1200 famiglie lontane dalla Valle e per molti di essi rappresenta l&#8217;unico legame con le loro radici.<br>L&#8217;Associazione &#8220;Gente Camuna&#8221; inoltre ha costituito, fin dagli inizi degli anni &#8217;70, in Svizzera quattro Circoli (Ginevra, Losanna, Basilea, Zurigo) regolarmente funzionanti da oltre 30 anni e che, a norma di statuto, ogni due anni rinnovano i propri organi: (Presidente, Consiglio Direttivo, Revisori del Conto). Tali iniziative furono possibili grazie anche a coloro che inizialmente li rappresentarono: Giacomo Castelli (Ginevra), Raffaele Predali e Ottavio Bianchi) (Basilea), Piero Frai (Losanna), Francesco Mariotti e Pierina Ghiroldi (Zurigo)<br>Il numero dei soci dei suddetti Circoli sono: Basilea 82; Zurigo 65; Losanna 50; Ginevra 37.<br>Il Circolo di Basilea possiede una propria sede, intitolata al Sen. Prof. Giacomo Mazzoli, luogo di incontro per i soci, ma anche per altri gruppi.<br>Annualmente si tengono le Assemblee alle quali prendono parte oltre ai rappresentanti dell&#8217;Associazione, anche le rappresentanze consolari, e ci\u00f2 \u00e8 motivo di particolare soddisfazione per i nostri emigrati.<br>In tutti questi anni l&#8217;associazione ha organizzato iniziative culturali significative nelle principali citt\u00e0 della Confederazione, grazie anche alla disponibilit\u00e0 e preziosa collaborazione dei nostri concittadini ivi residenti.<br>Diverse sono state infatti le mostre di incisioni rupestri allestite nelle citt\u00e0 cantonali, ma anche quelle di arte moderna, tra cui quella di Franca Ghitti all&#8217;Universit\u00e0 di Zurigo.<br>Nel 1988 l&#8217;Associazione effettu\u00f2, tramite i Comuni della Valle, un monitoraggio del fenomeno migratorio, i cui risultati consentirono di avere una mappa pi\u00f9 precisa dei Paesi verso cui, soprattutto nel secondo dopoguerra, l&#8217;emigrazione camuna si era diretta.<br>Tre anni fa poi \u00e8 stato realizzato il primo progetto di un viaggio di studio per figli di emigrati, grazie al quale furono ospitati in Valle Camonica 25 giovani provenienti dall&#8217;Argentina, dall&#8217;Australia e dagli Stati Uniti, che per la prima volta davano concretezza alle persone, agli ambienti, alle immagini che i loro padri o i loro nonni avevano loro descritto.<br>Analoga esperienza \u00e8 stata ripetuta lo scorso anno ed anche questa volta con grande successo. Sono stai ospiti dell&#8217;Associazione dal 23 di settembre al 6 di ottobre 26 giovani discendenti da emigrati camuni o lombardi provenienti dall&#8217;Argentina (9), dal Brasile (15), dall&#8217;Uruguay (2).<\/p>\n","protected":false},"excerpt":{"rendered":"<p>ASSOCIAZIONE &#8220;GENTE CAMUNA&#8221; BRENONote informative L&#8217;Associazione &#8220;Gente Camuna&#8221; \u00e8 stata regolarmente costituita con apposito atto notarile nel 1967. Promotore e primo Presidente fu il Sen. Prof. Giacomo Mazzoli.Gi\u00e0 dal 1961 per\u00f2 veniva edito il Notiziario omonimo che veniva inviato ai tanti cittadini della Valle Camonica costretti per motivi di lavoro ad emigrare.Alla scomparsa del Sen. [&hellip;]<\/p>\n","protected":false},"author":1,"featured_media":0,"parent":0,"menu_order":0,"comment_status":"closed","ping_status":"closed","template":"","meta":{"footnotes":""},"class_list":["post-9","page","type-page","status-publish","hentry","has-post-title","has-post-date","has-post-category","has-post-tag","has-post-comment","has-post-author",""],"builder_content":"","_links":{"self":[{"href":"https:\/\/www.gentecamuna.it\/index.php\/wp-json\/wp\/v2\/pages\/9","targetHints":{"allow":["GET"]}}],"collection":[{"href":"https:\/\/www.gentecamuna.it\/index.php\/wp-json\/wp\/v2\/pages"}],"about":[{"href":"https:\/\/www.gentecamuna.it\/index.php\/wp-json\/wp\/v2\/types\/page"}],"author":[{"embeddable":true,"href":"https:\/\/www.gentecamuna.it\/index.php\/wp-json\/wp\/v2\/users\/1"}],"replies":[{"embeddable":true,"href":"https:\/\/www.gentecamuna.it\/index.php\/wp-json\/wp\/v2\/comments?post=9"}],"version-history":[{"count":2,"href":"https:\/\/www.gentecamuna.it\/index.php\/wp-json\/wp\/v2\/pages\/9\/revisions"}],"predecessor-version":[{"id":55,"href":"https:\/\/www.gentecamuna.it\/index.php\/wp-json\/wp\/v2\/pages\/9\/revisions\/55"}],"wp:attachment":[{"href":"https:\/\/www.gentecamuna.it\/index.php\/wp-json\/wp\/v2\/media?parent=9"}],"curies":[{"name":"wp","href":"https:\/\/api.w.org\/{rel}","templated":true}]}}